{"id":797,"date":"2023-03-07T13:25:10","date_gmt":"2023-03-07T13:25:10","guid":{"rendered":"https:\/\/dev.avanco-composites.de\/ueber-composite\/"},"modified":"2023-03-07T13:25:10","modified_gmt":"2023-03-07T13:25:10","slug":"ueber-composite","status":"publish","type":"page","link":"https:\/\/avanco-composites.de\/en\/technology\/ueber-composite\/","title":{"rendered":"\u00dcber Composite"},"content":{"rendered":"<div class=\"wp-bootstrap-blocks-container container mb-2\">\n\t\n<div class=\"wp-bootstrap-blocks-row row pt-4\">\n\t\n\n<div class=\"col-12 col-md-8 offset-md-4\">\n\t\t\t\n\n<h2 class=\"wp-block-heading\"><strong>Industrialisierung thermoplastischer Composites<\/strong><\/h2>\n\n\n\n<h3 class=\"h3 wp-block-heading\">Halbzeuge und Prozesstechnik stehen bereit.<\/h3>\n\n\n\n<hr class=\"wp-block-separator has-alpha-channel-opacity\"\/>\n\n\n\n<p>Das Angebot thermoplastischer Halbzeuge hat sich in den letzten Jahren stark gewandelt. So sind mehr Akteure in den Markt eingetreten, die Qualit\u00e4t der Halbzeuge ist gestiegen und&nbsp;<a href=\"https:\/\/thermoplastics.inometa.de\/\">thermoplastische Composites<\/a>&nbsp;haben sich in ersten Serien etabliert. Auch die Prozesstechnik hat sich hinsichtlich Robustheit, Serienf\u00e4higkeit und vorhandenem Prozesswissen weiterentwickelt. Heute ist der ideale Zeitpunkt Grenzen zu \u00fcberwinden und herk\u00f6mmliche Bauteile durch thermoplastische Produkte zu ersetzen.<\/p>\n\n\t<\/div>\n\n<\/div>\n\n<\/div>\n\n\n<div class=\"wp-bootstrap-blocks-container container-fluid mb-2 grey\">\n\t\n<div class=\"wp-bootstrap-blocks-container container mb-2\">\n\t\n<div class=\"wp-bootstrap-blocks-row row\">\n\t\n\n<div class=\"col-12 col-md-6 align-self-center mb-5\">\n\t\t\t\n\n<h2 class=\"wp-block-heading\">Thermoplastische UD-Tapes<\/h2>\n\n\n\n<h3 class=\"wp-block-heading\">Das richtige Material f\u00fcr Ihr Produkt.<\/h3>\n\n\n\n<hr class=\"wp-block-separator has-alpha-channel-opacity\"\/>\n\n\n\n<p>Das breite Eigenschaftsspektrum thermoplastischer CFK- und GFK-Komponenten reicht von hervorragender mechanischer Performance bis zur sp\u00e4teren Funktionalisierbarkeit mittels Spritzgie\u00dfen. Je nach Anwendung treten dabei unterschiedliche Werkstoffeigenschaften in den Fokus. Je nach Kombination von Fasermaterial (Glas, Carbon,&#8230;) und thermoplastischer Matrix (PE, PP, PA, PPS, PVDF, PEEK, \u2026) lassen sich so die Bauteileigenschaften einstellen.<\/p>\n\n\n\n<ul class=\"wp-block-list\">\n<li>Exzellente mechanische Performance \u2713<\/li>\n\n\n\n<li>Hoher Automatisierungsgrad \u2713<\/li>\n\n\n\n<li>Kurze Verarbeitungszyklen \u2713<\/li>\n\n\n\n<li>Gute Medienbest\u00e4ndigkeit \u2713<\/li>\n\n\n\n<li>Homogene Halbzeugqualit\u00e4t \u2713<\/li>\n\n\n\n<li>Hohe Schlagz\u00e4higkeit \u2713<\/li>\n\n\n\n<li>Lange Lagerf\u00e4higkeit der Halbzeuge \u2713<\/li>\n\n\n\n<li>Funktionalisierbarkeit \u2713<\/li>\n<\/ul>\n\n\t<\/div>\n\n\n\n<div class=\"col-12 col-md-5 image5 offset-md-1 align-self-center mb-5\">\n\t\t\t\n\n<figure class=\"wp-block-image size-full\"><img loading=\"lazy\" decoding=\"async\" width=\"527\" height=\"889\" src=\"https:\/\/avanco-composites.de\/wp-content\/uploads\/2023\/03\/bildblock-3.jpg\" alt=\"\" class=\"wp-image-76\" srcset=\"https:\/\/avanco-composites.de\/wp-content\/uploads\/2023\/03\/bildblock-3.jpg 527w, https:\/\/avanco-composites.de\/wp-content\/uploads\/2023\/03\/bildblock-3-178x300.jpg 178w\" sizes=\"auto, (max-width: 527px) 100vw, 527px\" \/><\/figure>\n\n\t<\/div>\n\n<\/div>\n\n<\/div>\n\n<\/div>\n\n\n<div class=\"wp-bootstrap-blocks-container container mb-2\">\n\t\n<div class=\"wp-bootstrap-blocks-row row\">\n\t\n\n<div class=\"col-12 col-md-12 col-lg-5 image4 align-self-center mb-5\">\n\t\t\t\n\n<figure class=\"wp-block-image size-large\"><img loading=\"lazy\" decoding=\"async\" width=\"1024\" height=\"576\" src=\"https:\/\/avanco-composites.de\/wp-content\/uploads\/2023\/03\/INOMETA_thermoplastic_tape_winding_process-DE-high-1024x576.jpg\" alt=\"\" class=\"wp-image-407\" srcset=\"https:\/\/avanco-composites.de\/wp-content\/uploads\/2023\/03\/INOMETA_thermoplastic_tape_winding_process-DE-high-1024x576.jpg 1024w, https:\/\/avanco-composites.de\/wp-content\/uploads\/2023\/03\/INOMETA_thermoplastic_tape_winding_process-DE-high-300x169.jpg 300w, https:\/\/avanco-composites.de\/wp-content\/uploads\/2023\/03\/INOMETA_thermoplastic_tape_winding_process-DE-high-768x432.jpg 768w, https:\/\/avanco-composites.de\/wp-content\/uploads\/2023\/03\/INOMETA_thermoplastic_tape_winding_process-DE-high-1536x864.jpg 1536w, https:\/\/avanco-composites.de\/wp-content\/uploads\/2023\/03\/INOMETA_thermoplastic_tape_winding_process-DE-high-800x450.jpg 800w, https:\/\/avanco-composites.de\/wp-content\/uploads\/2023\/03\/INOMETA_thermoplastic_tape_winding_process-DE-high.jpg 1920w\" sizes=\"auto, (max-width: 1024px) 100vw, 1024px\" \/><\/figure>\n\n\t<\/div>\n\n\n\n<div class=\"col-12 col-md-12 col-lg-6 align-self-center offset-lg-1\">\n\t\t\t\n\n<h2 class=\"wp-block-heading\">Wickeln ist effizient<\/h2>\n\n\n\n<h3 class=\"wp-block-heading\">Vollautomatisierbare Prozesstechnik erm\u00f6glicht kurze Zykluszeiten.<\/h3>\n\n\n\n<hr class=\"wp-block-separator has-alpha-channel-opacity\"\/>\n\n\n\n<p>Das laserunterst\u00fctze Tapewickeln bzw. Tapelegen ist ein roboterbasierter Prozess (AFP: Automated Fiber Placement) in dem thermoplastische Tapes auf einem Kern bzw. einem Tisch abgelegt und dabei in einem Prozessschritt vollfl\u00e4chig miteinander verschwei\u00dft werden (in-situ Konsolidierung). Der schichtweise Aufbau des Bauteils erm\u00f6glicht es, durch eine angepasste Faserorientierung die mechanischen Eigenschaften des Bauteils einzustellen.<\/p>\n\n\n\n<p>Das thermoplastische Tape wird von der Spule durch den Tapelegekopf gef\u00fchrt und kurz vor der Ablage auf dem Wickelkern von einem Laser erhitzt. Gleichzeitig werden die oberste Lage des bereits abgelegten Tapes aufgeschmolzen und die beiden Lagen mit Hilfe einer Andr\u00fcckrolle konsolidiert. Nach diesem Konsolidierungsprozess sind keine nachgelagerten Fertigungsschritte wie beispielsweise ein Aush\u00e4rten im Autoklav oder ein separater Pressprozess notwendig.<\/p>\n\n\t<\/div>\n\n<\/div>\n\n<\/div>\n\n\n<div class=\"kontakt\">\n    <div class=\"container\">\n        <div class=\"row\">\n            <div class=\"col-md-7\">\n                <h2>Kontakt<\/h2>\n                <p>Lorem ipsum dolor sit amet, consetetur sadipscing elitr, sed diam nonumy eirmod tempor invidunt ut labore et dolore magna aliquyam erat, sed diam voluptua. At vero eos et accusam et justo duo dolores et ea rebum. Stet clita kasd gubergren, no sea takimata sanctus est Lorem ipsum dolor sit amet. Lorem ipsum dolor sit amet, consetetur sadipscing elitr, sed diam nonumy eirmod tempor invidunt ut labore et dolore magna aliquyam erat, sed diam voluptua. At vero eos et accusam et justo duo dolores et ea rebum. Stet clita kasd gubergren, no sea takimata sanctus est Lorem ipsum dolor sit amet.<\/p>\n\n                <p><a href=\"\/kontakt\" class=\"btn\">Jetzt Kontakt aufnehmen<\/a><\/p>\n            <\/div>\n        <\/div>\n    <\/div>\n<\/div>","protected":false},"excerpt":{"rendered":"","protected":false},"author":2,"featured_media":0,"parent":801,"menu_order":0,"comment_status":"closed","ping_status":"closed","template":"page-textbild.php","meta":{"_acf_changed":false,"footnotes":""},"class_list":["post-797","page","type-page","status-publish","hentry"],"acf":[],"yoast_head":"<!-- This site is optimized with the Yoast SEO plugin v27.3 - https:\/\/yoast.com\/product\/yoast-seo-wordpress\/ -->\n<title>\u00dcber Composite - AVANCO composites<\/title>\n<meta name=\"robots\" content=\"index, follow, max-snippet:-1, max-image-preview:large, max-video-preview:-1\" \/>\n<link rel=\"canonical\" href=\"https:\/\/avanco-composites.de\/en\/technology\/ueber-composite\/\" \/>\n<meta property=\"og:locale\" content=\"en_US\" \/>\n<meta property=\"og:type\" content=\"article\" \/>\n<meta property=\"og:title\" content=\"\u00dcber Composite - AVANCO composites\" \/>\n<meta property=\"og:url\" content=\"https:\/\/avanco-composites.de\/en\/technology\/ueber-composite\/\" \/>\n<meta property=\"og:site_name\" content=\"AVANCO composites\" \/>\n<meta property=\"og:image\" content=\"https:\/\/avanco-composites.de\/wp-content\/uploads\/2023\/03\/bildblock-3.jpg\" \/>\n<meta name=\"twitter:card\" content=\"summary_large_image\" \/>\n<meta name=\"twitter:label1\" content=\"Est. reading time\" \/>\n\t<meta name=\"twitter:data1\" content=\"2 minutes\" \/>\n<script type=\"application\/ld+json\" class=\"yoast-schema-graph\">{\"@context\":\"https:\\\/\\\/schema.org\",\"@graph\":[{\"@type\":\"WebPage\",\"@id\":\"https:\\\/\\\/avanco-composites.de\\\/en\\\/technology\\\/ueber-composite\\\/\",\"url\":\"https:\\\/\\\/avanco-composites.de\\\/en\\\/technology\\\/ueber-composite\\\/\",\"name\":\"\u00dcber Composite - AVANCO composites\",\"isPartOf\":{\"@id\":\"https:\\\/\\\/avanco-composites.de\\\/en\\\/#website\"},\"primaryImageOfPage\":{\"@id\":\"https:\\\/\\\/avanco-composites.de\\\/en\\\/technology\\\/ueber-composite\\\/#primaryimage\"},\"image\":{\"@id\":\"https:\\\/\\\/avanco-composites.de\\\/en\\\/technology\\\/ueber-composite\\\/#primaryimage\"},\"thumbnailUrl\":\"https:\\\/\\\/avanco-composites.de\\\/wp-content\\\/uploads\\\/2023\\\/03\\\/bildblock-3.jpg\",\"datePublished\":\"2023-03-07T13:25:10+00:00\",\"breadcrumb\":{\"@id\":\"https:\\\/\\\/avanco-composites.de\\\/en\\\/technology\\\/ueber-composite\\\/#breadcrumb\"},\"inLanguage\":\"en-US\",\"potentialAction\":[{\"@type\":\"ReadAction\",\"target\":[\"https:\\\/\\\/avanco-composites.de\\\/en\\\/technology\\\/ueber-composite\\\/\"]}]},{\"@type\":\"ImageObject\",\"inLanguage\":\"en-US\",\"@id\":\"https:\\\/\\\/avanco-composites.de\\\/en\\\/technology\\\/ueber-composite\\\/#primaryimage\",\"url\":\"https:\\\/\\\/avanco-composites.de\\\/wp-content\\\/uploads\\\/2023\\\/03\\\/bildblock-3.jpg\",\"contentUrl\":\"https:\\\/\\\/avanco-composites.de\\\/wp-content\\\/uploads\\\/2023\\\/03\\\/bildblock-3.jpg\"},{\"@type\":\"BreadcrumbList\",\"@id\":\"https:\\\/\\\/avanco-composites.de\\\/en\\\/technology\\\/ueber-composite\\\/#breadcrumb\",\"itemListElement\":[{\"@type\":\"ListItem\",\"position\":1,\"name\":\"Home\",\"item\":\"https:\\\/\\\/avanco-composites.de\\\/en\\\/\"},{\"@type\":\"ListItem\",\"position\":2,\"name\":\"Technology\",\"item\":\"https:\\\/\\\/avanco-composites.de\\\/en\\\/technology\\\/\"},{\"@type\":\"ListItem\",\"position\":3,\"name\":\"\u00dcber Composite\"}]},{\"@type\":\"WebSite\",\"@id\":\"https:\\\/\\\/avanco-composites.de\\\/en\\\/#website\",\"url\":\"https:\\\/\\\/avanco-composites.de\\\/en\\\/\",\"name\":\"AVANCO composites\",\"description\":\"Insert subtitle here\",\"potentialAction\":[{\"@type\":\"SearchAction\",\"target\":{\"@type\":\"EntryPoint\",\"urlTemplate\":\"https:\\\/\\\/avanco-composites.de\\\/en\\\/?s={search_term_string}\"},\"query-input\":{\"@type\":\"PropertyValueSpecification\",\"valueRequired\":true,\"valueName\":\"search_term_string\"}}],\"inLanguage\":\"en-US\"}]}<\/script>\n<!-- \/ Yoast SEO plugin. -->","yoast_head_json":{"title":"\u00dcber Composite - AVANCO composites","robots":{"index":"index","follow":"follow","max-snippet":"max-snippet:-1","max-image-preview":"max-image-preview:large","max-video-preview":"max-video-preview:-1"},"canonical":"https:\/\/avanco-composites.de\/en\/technology\/ueber-composite\/","og_locale":"en_US","og_type":"article","og_title":"\u00dcber Composite - AVANCO composites","og_url":"https:\/\/avanco-composites.de\/en\/technology\/ueber-composite\/","og_site_name":"AVANCO composites","og_image":[{"url":"https:\/\/avanco-composites.de\/wp-content\/uploads\/2023\/03\/bildblock-3.jpg","type":"","width":"","height":""}],"twitter_card":"summary_large_image","twitter_misc":{"Est. reading time":"2 minutes"},"schema":{"@context":"https:\/\/schema.org","@graph":[{"@type":"WebPage","@id":"https:\/\/avanco-composites.de\/en\/technology\/ueber-composite\/","url":"https:\/\/avanco-composites.de\/en\/technology\/ueber-composite\/","name":"\u00dcber Composite - AVANCO composites","isPartOf":{"@id":"https:\/\/avanco-composites.de\/en\/#website"},"primaryImageOfPage":{"@id":"https:\/\/avanco-composites.de\/en\/technology\/ueber-composite\/#primaryimage"},"image":{"@id":"https:\/\/avanco-composites.de\/en\/technology\/ueber-composite\/#primaryimage"},"thumbnailUrl":"https:\/\/avanco-composites.de\/wp-content\/uploads\/2023\/03\/bildblock-3.jpg","datePublished":"2023-03-07T13:25:10+00:00","breadcrumb":{"@id":"https:\/\/avanco-composites.de\/en\/technology\/ueber-composite\/#breadcrumb"},"inLanguage":"en-US","potentialAction":[{"@type":"ReadAction","target":["https:\/\/avanco-composites.de\/en\/technology\/ueber-composite\/"]}]},{"@type":"ImageObject","inLanguage":"en-US","@id":"https:\/\/avanco-composites.de\/en\/technology\/ueber-composite\/#primaryimage","url":"https:\/\/avanco-composites.de\/wp-content\/uploads\/2023\/03\/bildblock-3.jpg","contentUrl":"https:\/\/avanco-composites.de\/wp-content\/uploads\/2023\/03\/bildblock-3.jpg"},{"@type":"BreadcrumbList","@id":"https:\/\/avanco-composites.de\/en\/technology\/ueber-composite\/#breadcrumb","itemListElement":[{"@type":"ListItem","position":1,"name":"Home","item":"https:\/\/avanco-composites.de\/en\/"},{"@type":"ListItem","position":2,"name":"Technology","item":"https:\/\/avanco-composites.de\/en\/technology\/"},{"@type":"ListItem","position":3,"name":"\u00dcber Composite"}]},{"@type":"WebSite","@id":"https:\/\/avanco-composites.de\/en\/#website","url":"https:\/\/avanco-composites.de\/en\/","name":"AVANCO composites","description":"Insert subtitle here","potentialAction":[{"@type":"SearchAction","target":{"@type":"EntryPoint","urlTemplate":"https:\/\/avanco-composites.de\/en\/?s={search_term_string}"},"query-input":{"@type":"PropertyValueSpecification","valueRequired":true,"valueName":"search_term_string"}}],"inLanguage":"en-US"}]}},"_links":{"self":[{"href":"https:\/\/avanco-composites.de\/en\/wp-json\/wp\/v2\/pages\/797","targetHints":{"allow":["GET"]}}],"collection":[{"href":"https:\/\/avanco-composites.de\/en\/wp-json\/wp\/v2\/pages"}],"about":[{"href":"https:\/\/avanco-composites.de\/en\/wp-json\/wp\/v2\/types\/page"}],"author":[{"embeddable":true,"href":"https:\/\/avanco-composites.de\/en\/wp-json\/wp\/v2\/users\/2"}],"replies":[{"embeddable":true,"href":"https:\/\/avanco-composites.de\/en\/wp-json\/wp\/v2\/comments?post=797"}],"version-history":[{"count":1,"href":"https:\/\/avanco-composites.de\/en\/wp-json\/wp\/v2\/pages\/797\/revisions"}],"predecessor-version":[{"id":820,"href":"https:\/\/avanco-composites.de\/en\/wp-json\/wp\/v2\/pages\/797\/revisions\/820"}],"up":[{"embeddable":true,"href":"https:\/\/avanco-composites.de\/en\/wp-json\/wp\/v2\/pages\/801"}],"wp:attachment":[{"href":"https:\/\/avanco-composites.de\/en\/wp-json\/wp\/v2\/media?parent=797"}],"curies":[{"name":"wp","href":"https:\/\/api.w.org\/{rel}","templated":true}]}}